{"id":105001,"date":"2024-09-23T22:26:52","date_gmt":"2024-09-23T22:26:52","guid":{"rendered":"https:\/\/360digitizingsolutions.com\/shop\/product\/500m-a-llorar-spanish-patches-tactical-embroidery-hookloop-patch-20kg-una-lloradita-morale-badge-backpack-hat-stickers\/"},"modified":"2026-05-05T01:08:36","modified_gmt":"2026-05-05T01:08:36","slug":"500m-a-llorar-spanish-patches-tactical-embroidery-hookloop-patch-20kg-una-lloradita-morale-badge-backpack-hat-stickers","status":"publish","type":"product","link":"https:\/\/360digitizingsolutions.com\/shop\/product\/500m-a-llorar-spanish-patches-tactical-embroidery-hookloop-patch-20kg-una-lloradita-morale-badge-backpack-hat-stickers\/","title":{"rendered":"500M A LLORAR Spanish  Patches Tactical Embroidery Hook&amp;Loop Patch 20KG UNA LLORADITA Morale Badge Backpack Hat Stickers"},"content":{"rendered":"<div>\n<div>\n<div id=\"offer-template-0\">\n<p><span style=\"font-size:10.0000pt\"><span style=\"font-family:Calibri\" id=\"tl_1\">1. Si usted es un distribuidor, nuestros productos no tienen informaci\u00f3n relacionada con la tienda.<\/span><\/span><span style=\"font-size:10.0000pt\"><span style=\"font-family:Calibri\"><\/span><\/span><\/p>\n<p><span style=\"font-size:10.0000pt\"><span style=\"font-family:Calibri\" id=\"tl_2\">2. Tama\u00f1o: como se muestra en la imagen<\/span><\/span><span style=\"font-size:10.0000pt\"><span style=\"font-family:Calibri\"><\/span><\/span><\/p>\n<p><span style=\"font-size:10.0000pt\"><span style=\"font-family:Calibri\" id=\"tl_3\">3. Material: el parche de PVC es de goma, el bordado es de tela, el parche reflectante es de poli\u00e9ster: el parche de PVC es de goma, el bordado es de tela, el parche reflectante es de poli\u00e9ster.<\/span><\/span><span style=\"font-size:10.0000pt\"><span style=\"font-family:Calibri\"><\/span><\/span><\/p>\n<p><span style=\"font-size:10.0000pt\"><span style=\"font-family:Calibri\" id=\"tl_4\">4 Peso: 8-20g<\/span><\/span><span style=\"font-size:10.0000pt\"><span style=\"font-family:Calibri\"><\/span><\/span><\/p>\n<ol start=\"5\">\n<li><span style=\"font-size:10.0000pt\"><\/span><span style=\"font-size:10.0000pt\"><span style=\"font-family:Calibri\" id=\"tl_5\">Embalaje. 1 bolsa OPP de 1 &#8220;,<\/span><\/span><span style=\"font-size:10.0000pt\"><span style=\"font-family:Calibri\"><\/span><\/span><\/li>\n<\/ol>\n<p><span style=\"font-size:10.0000pt\"><span><font face=\"Calibri\" id=\"tl_6\">6. Si desea obtener el producto m\u00e1s r\u00e1pido, puede elegir la log\u00edstica est\u00e1ndar<\/font><\/span><\/span><span style=\"font-size:10.0000pt\"><span style=\"font-family:Calibri\"><\/span><\/span><\/p>\n<p><span style=\"font-size:10.0000pt\"><span style=\"font-family:Calibri\"><\/span><\/span><\/p>\n<p><span style=\"font-size:10.0000pt\"><span style=\"font-family:Calibri\"><\/span><\/span><\/p>\n<p><span style=\"font-size:10.0000pt\"><span style=\"font-family:Calibri\" id=\"tl_7\">Espalda. El parche bordado\/reflectante tiene gancho y lazo, el parche de PVC solo tiene gancho (si desea Lazo, compre un lazo de 8CM).<\/span><\/span><span style=\"font-size:10.0000pt\"><span style=\"font-family:Calibri\"><\/span><\/span><\/p>\n<p><span style=\"font-size:10.0000pt\"><span style=\"font-family:Calibri\" id=\"tl_8\">Si tiene alguna pregunta, por favor d\u00e9jenos un mensaje y le responderemos lo antes posible.<\/span><\/span><span style=\"font-size:10.0000pt\"><span style=\"font-family:Calibri\"><img decoding=\"async\" src=\"\/\/ae01.alicdn.com\/kf\/S0257e9c5b611416fa333b01ffb903b60z.jpg\" \/><img decoding=\"async\" src=\"\/\/ae01.alicdn.com\/kf\/S7d8a230e4ab44a7dbda7050febff3e0aO.jpg\" \/><img decoding=\"async\" src=\"\/\/ae01.alicdn.com\/kf\/S0a854cb738c84f50b7428ef6dbab2c2f2.jpg\" \/><img decoding=\"async\" src=\"\/\/ae01.alicdn.com\/kf\/S7dcd76d4ecc54fe18a7e7f1d566603c7g.jpg\" \/><img decoding=\"async\" src=\"\/\/ae01.alicdn.com\/kf\/S0d39430cbb93453987fffa94b03b25c4q.jpg\" \/><img decoding=\"async\" src=\"\/\/ae01.alicdn.com\/kf\/Sfd85829923344505aa95faf01417fb06E.jpg\" \/><img decoding=\"async\" src=\"\/\/ae01.alicdn.com\/kf\/Sd51ca7a51ab54864b85af0a1697988dez.jpg\" \/><img decoding=\"async\" src=\"\/\/ae01.alicdn.com\/kf\/S4c8403666f184960be828122019296f5e.jpg\" \/><img decoding=\"async\" src=\"\/\/ae01.alicdn.com\/kf\/S62f3e3dbba19424185481fcb7d82e96ez.jpg\" \/><\/span><\/span><\/p>\n<\/div>\n<\/div>\n<\/div>\n","protected":false},"excerpt":{"rendered":"<p>1. Si usted es un distribuidor, nuestros productos no tienen informaci\u00f3n relacionada con la tienda. 2. Tama\u00f1o: como se muestra<\/p>\n","protected":false},"featured_media":105009,"comment_status":"open","ping_status":"closed","template":"","meta":[],"product_brand":[],"product_cat":[17558,177],"product_tag":[],"class_list":{"0":"post-105001","1":"product","2":"type-product","3":"status-publish","4":"has-post-thumbnail","6":"product_cat-airforce-patches","7":"product_cat-embroidery-patches-shop","9":"first","10":"instock","11":"sale","12":"taxable","13":"shipping-taxable","14":"purchasable","15":"product-type-variable"},"yoast_head":"<!-- This site is optimized with the Yoast SEO plugin v27.5 - https:\/\/yoast.com\/product\/yoast-seo-wordpress\/ -->\n<title>500M A LLORAR Spanish Patches Tactical Embroidery Hook&amp;Loop Patch 20KG UNA LLORADITA Morale Badge Backpack Hat Stickers - 360 Digitizing Shop<\/title>\n<meta name=\"robots\" content=\"index, follow, max-snippet:-1, max-image-preview:large, max-video-preview:-1\" \/>\n<link rel=\"canonical\" href=\"https:\/\/360digitizingsolutions.com\/shop\/product\/500m-a-llorar-spanish-patches-tactical-embroidery-hookloop-patch-20kg-una-lloradita-morale-badge-backpack-hat-stickers\/\" \/>\n<meta property=\"og:locale\" content=\"en_US\" \/>\n<meta property=\"og:type\" content=\"article\" \/>\n<meta property=\"og:title\" content=\"500M A LLORAR Spanish Patches Tactical Embroidery Hook&amp;Loop Patch 20KG UNA LLORADITA Morale Badge Backpack Hat Stickers - 360 Digitizing Shop\" \/>\n<meta property=\"og:description\" content=\"1. Si usted es un distribuidor, nuestros productos no tienen informaci\u00f3n relacionada con la tienda. 2. Tama\u00f1o: como se muestra\" \/>\n<meta property=\"og:url\" content=\"https:\/\/360digitizingsolutions.com\/shop\/product\/500m-a-llorar-spanish-patches-tactical-embroidery-hookloop-patch-20kg-una-lloradita-morale-badge-backpack-hat-stickers\/\" \/>\n<meta property=\"og:site_name\" content=\"360 Digitizing Shop\" \/>\n<meta property=\"article:modified_time\" content=\"2026-05-05T01:08:36+00:00\" \/>\n<meta property=\"og:image\" content=\"https:\/\/ae01.alicdn.com\/kf\/S9b1bdf19ecd7421f96414cabc1706c7f2.jpg\" \/>\n\t<meta property=\"og:image:width\" content=\"800\" \/>\n\t<meta property=\"og:image:height\" content=\"800\" \/>\n\t<meta property=\"og:image:type\" content=\"image\/jpeg\" \/>\n<meta name=\"twitter:card\" content=\"summary_large_image\" \/>\n<meta name=\"twitter:label1\" content=\"Est. reading time\" \/>\n\t<meta name=\"twitter:data1\" content=\"1 minute\" \/>\n<script type=\"application\/ld+json\" class=\"yoast-schema-graph\">{\"@context\":\"https:\\\/\\\/schema.org\",\"@graph\":[{\"@type\":\"WebPage\",\"@id\":\"https:\\\/\\\/360digitizingsolutions.com\\\/shop\\\/product\\\/500m-a-llorar-spanish-patches-tactical-embroidery-hookloop-patch-20kg-una-lloradita-morale-badge-backpack-hat-stickers\\\/\",\"url\":\"https:\\\/\\\/360digitizingsolutions.com\\\/shop\\\/product\\\/500m-a-llorar-spanish-patches-tactical-embroidery-hookloop-patch-20kg-una-lloradita-morale-badge-backpack-hat-stickers\\\/\",\"name\":\"500M A LLORAR Spanish Patches Tactical Embroidery Hook&amp;Loop Patch 20KG UNA LLORADITA Morale Badge Backpack Hat Stickers - 360 Digitizing Shop\",\"isPartOf\":{\"@id\":\"https:\\\/\\\/360digitizingsolutions.com\\\/shop\\\/#website\"},\"primaryImageOfPage\":{\"@id\":\"https:\\\/\\\/360digitizingsolutions.com\\\/shop\\\/product\\\/500m-a-llorar-spanish-patches-tactical-embroidery-hookloop-patch-20kg-una-lloradita-morale-badge-backpack-hat-stickers\\\/#primaryimage\"},\"image\":{\"@id\":\"https:\\\/\\\/360digitizingsolutions.com\\\/shop\\\/product\\\/500m-a-llorar-spanish-patches-tactical-embroidery-hookloop-patch-20kg-una-lloradita-morale-badge-backpack-hat-stickers\\\/#primaryimage\"},\"thumbnailUrl\":\"https:\\\/\\\/ae01.alicdn.com\\\/kf\\\/S9b1bdf19ecd7421f96414cabc1706c7f2.jpg\",\"datePublished\":\"2024-09-23T22:26:52+00:00\",\"dateModified\":\"2026-05-05T01:08:36+00:00\",\"breadcrumb\":{\"@id\":\"https:\\\/\\\/360digitizingsolutions.com\\\/shop\\\/product\\\/500m-a-llorar-spanish-patches-tactical-embroidery-hookloop-patch-20kg-una-lloradita-morale-badge-backpack-hat-stickers\\\/#breadcrumb\"},\"inLanguage\":\"en-US\",\"potentialAction\":[{\"@type\":\"ReadAction\",\"target\":[\"https:\\\/\\\/360digitizingsolutions.com\\\/shop\\\/product\\\/500m-a-llorar-spanish-patches-tactical-embroidery-hookloop-patch-20kg-una-lloradita-morale-badge-backpack-hat-stickers\\\/\"]}]},{\"@type\":\"ImageObject\",\"inLanguage\":\"en-US\",\"@id\":\"https:\\\/\\\/360digitizingsolutions.com\\\/shop\\\/product\\\/500m-a-llorar-spanish-patches-tactical-embroidery-hookloop-patch-20kg-una-lloradita-morale-badge-backpack-hat-stickers\\\/#primaryimage\",\"url\":\"https:\\\/\\\/ae01.alicdn.com\\\/kf\\\/S9b1bdf19ecd7421f96414cabc1706c7f2.jpg\",\"contentUrl\":\"https:\\\/\\\/ae01.alicdn.com\\\/kf\\\/S9b1bdf19ecd7421f96414cabc1706c7f2.jpg\",\"width\":800,\"height\":800,\"caption\":\"105001-db0e36.jpg\"},{\"@type\":\"BreadcrumbList\",\"@id\":\"https:\\\/\\\/360digitizingsolutions.com\\\/shop\\\/product\\\/500m-a-llorar-spanish-patches-tactical-embroidery-hookloop-patch-20kg-una-lloradita-morale-badge-backpack-hat-stickers\\\/#breadcrumb\",\"itemListElement\":[{\"@type\":\"ListItem\",\"position\":1,\"name\":\"Home\",\"item\":\"https:\\\/\\\/360digitizingsolutions.com\\\/shop\\\/\"},{\"@type\":\"ListItem\",\"position\":2,\"name\":\"Shop\",\"item\":\"https:\\\/\\\/360digitizingsolutions.com\\\/shop\\\/shop\\\/\"},{\"@type\":\"ListItem\",\"position\":3,\"name\":\"500M A LLORAR Spanish Patches Tactical Embroidery Hook&amp;Loop Patch 20KG UNA LLORADITA Morale Badge Backpack Hat Stickers\"}]},{\"@type\":\"WebSite\",\"@id\":\"https:\\\/\\\/360digitizingsolutions.com\\\/shop\\\/#website\",\"url\":\"https:\\\/\\\/360digitizingsolutions.com\\\/shop\\\/\",\"name\":\"360 Digitizing Shop\",\"description\":\"360 Digitizing - International Embroidery Supplies &amp; Accessories\",\"potentialAction\":[{\"@type\":\"SearchAction\",\"target\":{\"@type\":\"EntryPoint\",\"urlTemplate\":\"https:\\\/\\\/360digitizingsolutions.com\\\/shop\\\/?s={search_term_string}\"},\"query-input\":{\"@type\":\"PropertyValueSpecification\",\"valueRequired\":true,\"valueName\":\"search_term_string\"}}],\"inLanguage\":\"en-US\"}]}<\/script>\n<!-- \/ Yoast SEO plugin. -->","yoast_head_json":{"title":"500M A LLORAR Spanish Patches Tactical Embroidery Hook&amp;Loop Patch 20KG UNA LLORADITA Morale Badge Backpack Hat Stickers - 360 Digitizing Shop","robots":{"index":"index","follow":"follow","max-snippet":"max-snippet:-1","max-image-preview":"max-image-preview:large","max-video-preview":"max-video-preview:-1"},"canonical":"https:\/\/360digitizingsolutions.com\/shop\/product\/500m-a-llorar-spanish-patches-tactical-embroidery-hookloop-patch-20kg-una-lloradita-morale-badge-backpack-hat-stickers\/","og_locale":"en_US","og_type":"article","og_title":"500M A LLORAR Spanish Patches Tactical Embroidery Hook&amp;Loop Patch 20KG UNA LLORADITA Morale Badge Backpack Hat Stickers - 360 Digitizing Shop","og_description":"1. Si usted es un distribuidor, nuestros productos no tienen informaci\u00f3n relacionada con la tienda. 2. Tama\u00f1o: como se muestra","og_url":"https:\/\/360digitizingsolutions.com\/shop\/product\/500m-a-llorar-spanish-patches-tactical-embroidery-hookloop-patch-20kg-una-lloradita-morale-badge-backpack-hat-stickers\/","og_site_name":"360 Digitizing Shop","article_modified_time":"2026-05-05T01:08:36+00:00","og_image":[{"width":800,"height":800,"url":"https:\/\/ae01.alicdn.com\/kf\/S9b1bdf19ecd7421f96414cabc1706c7f2.jpg","type":"image\/jpeg"}],"twitter_card":"summary_large_image","twitter_misc":{"Est. reading time":"1 minute"},"schema":{"@context":"https:\/\/schema.org","@graph":[{"@type":"WebPage","@id":"https:\/\/360digitizingsolutions.com\/shop\/product\/500m-a-llorar-spanish-patches-tactical-embroidery-hookloop-patch-20kg-una-lloradita-morale-badge-backpack-hat-stickers\/","url":"https:\/\/360digitizingsolutions.com\/shop\/product\/500m-a-llorar-spanish-patches-tactical-embroidery-hookloop-patch-20kg-una-lloradita-morale-badge-backpack-hat-stickers\/","name":"500M A LLORAR Spanish Patches Tactical Embroidery Hook&amp;Loop Patch 20KG UNA LLORADITA Morale Badge Backpack Hat Stickers - 360 Digitizing Shop","isPartOf":{"@id":"https:\/\/360digitizingsolutions.com\/shop\/#website"},"primaryImageOfPage":{"@id":"https:\/\/360digitizingsolutions.com\/shop\/product\/500m-a-llorar-spanish-patches-tactical-embroidery-hookloop-patch-20kg-una-lloradita-morale-badge-backpack-hat-stickers\/#primaryimage"},"image":{"@id":"https:\/\/360digitizingsolutions.com\/shop\/product\/500m-a-llorar-spanish-patches-tactical-embroidery-hookloop-patch-20kg-una-lloradita-morale-badge-backpack-hat-stickers\/#primaryimage"},"thumbnailUrl":"https:\/\/ae01.alicdn.com\/kf\/S9b1bdf19ecd7421f96414cabc1706c7f2.jpg","datePublished":"2024-09-23T22:26:52+00:00","dateModified":"2026-05-05T01:08:36+00:00","breadcrumb":{"@id":"https:\/\/360digitizingsolutions.com\/shop\/product\/500m-a-llorar-spanish-patches-tactical-embroidery-hookloop-patch-20kg-una-lloradita-morale-badge-backpack-hat-stickers\/#breadcrumb"},"inLanguage":"en-US","potentialAction":[{"@type":"ReadAction","target":["https:\/\/360digitizingsolutions.com\/shop\/product\/500m-a-llorar-spanish-patches-tactical-embroidery-hookloop-patch-20kg-una-lloradita-morale-badge-backpack-hat-stickers\/"]}]},{"@type":"ImageObject","inLanguage":"en-US","@id":"https:\/\/360digitizingsolutions.com\/shop\/product\/500m-a-llorar-spanish-patches-tactical-embroidery-hookloop-patch-20kg-una-lloradita-morale-badge-backpack-hat-stickers\/#primaryimage","url":"https:\/\/ae01.alicdn.com\/kf\/S9b1bdf19ecd7421f96414cabc1706c7f2.jpg","contentUrl":"https:\/\/ae01.alicdn.com\/kf\/S9b1bdf19ecd7421f96414cabc1706c7f2.jpg","width":800,"height":800,"caption":"105001-db0e36.jpg"},{"@type":"BreadcrumbList","@id":"https:\/\/360digitizingsolutions.com\/shop\/product\/500m-a-llorar-spanish-patches-tactical-embroidery-hookloop-patch-20kg-una-lloradita-morale-badge-backpack-hat-stickers\/#breadcrumb","itemListElement":[{"@type":"ListItem","position":1,"name":"Home","item":"https:\/\/360digitizingsolutions.com\/shop\/"},{"@type":"ListItem","position":2,"name":"Shop","item":"https:\/\/360digitizingsolutions.com\/shop\/shop\/"},{"@type":"ListItem","position":3,"name":"500M A LLORAR Spanish Patches Tactical Embroidery Hook&amp;Loop Patch 20KG UNA LLORADITA Morale Badge Backpack Hat Stickers"}]},{"@type":"WebSite","@id":"https:\/\/360digitizingsolutions.com\/shop\/#website","url":"https:\/\/360digitizingsolutions.com\/shop\/","name":"360 Digitizing Shop","description":"360 Digitizing - International Embroidery Supplies &amp; Accessories","potentialAction":[{"@type":"SearchAction","target":{"@type":"EntryPoint","urlTemplate":"https:\/\/360digitizingsolutions.com\/shop\/?s={search_term_string}"},"query-input":{"@type":"PropertyValueSpecification","valueRequired":true,"valueName":"search_term_string"}}],"inLanguage":"en-US"}]}},"_links":{"self":[{"href":"https:\/\/360digitizingsolutions.com\/shop\/wp-json\/wp\/v2\/product\/105001","targetHints":{"allow":["GET"]}}],"collection":[{"href":"https:\/\/360digitizingsolutions.com\/shop\/wp-json\/wp\/v2\/product"}],"about":[{"href":"https:\/\/360digitizingsolutions.com\/shop\/wp-json\/wp\/v2\/types\/product"}],"replies":[{"embeddable":true,"href":"https:\/\/360digitizingsolutions.com\/shop\/wp-json\/wp\/v2\/comments?post=105001"}],"wp:featuredmedia":[{"embeddable":true,"href":"https:\/\/360digitizingsolutions.com\/shop\/wp-json\/wp\/v2\/media\/105009"}],"wp:attachment":[{"href":"https:\/\/360digitizingsolutions.com\/shop\/wp-json\/wp\/v2\/media?parent=105001"}],"wp:term":[{"taxonomy":"product_brand","embeddable":true,"href":"https:\/\/360digitizingsolutions.com\/shop\/wp-json\/wp\/v2\/product_brand?post=105001"},{"taxonomy":"product_cat","embeddable":true,"href":"https:\/\/360digitizingsolutions.com\/shop\/wp-json\/wp\/v2\/product_cat?post=105001"},{"taxonomy":"product_tag","embeddable":true,"href":"https:\/\/360digitizingsolutions.com\/shop\/wp-json\/wp\/v2\/product_tag?post=105001"}],"curies":[{"name":"wp","href":"https:\/\/api.w.org\/{rel}","templated":true}]}}